{"id":20,"date":"2024-12-02T02:50:08","date_gmt":"2024-12-02T02:50:08","guid":{"rendered":"https:\/\/www.tropicalscolombia.com.co\/nosotros\/"},"modified":"2025-08-22T20:42:34","modified_gmt":"2025-08-22T20:42:34","slug":"nosotros","status":"publish","type":"page","link":"https:\/\/www.tropicalscolombia.com.co\/?page_id=20","title":{"rendered":"Nosotros"},"content":{"rendered":"\t\t<div data-elementor-type=\"wp-page\" data-elementor-id=\"20\" class=\"elementor elementor-20\">\n\t\t\t\t\t\t<section class=\"elementor-section elementor-top-section elementor-element elementor-element-4c81d597 elementor-section-full_width elementor-section-height-default elementor-section-height-default\" data-id=\"4c81d597\" data-element_type=\"section\" data-e-type=\"section\">\n\t\t\t\t\t\t<div class=\"elementor-container elementor-column-gap-no\">\n\t\t\t\t\t<div class=\"elementor-column elementor-col-50 elementor-top-column elementor-element elementor-element-64fa5fcd\" data-id=\"64fa5fcd\" data-element_type=\"column\" data-e-type=\"column\">\n\t\t\t<div class=\"elementor-widget-wrap elementor-element-populated\">\n\t\t\t\t\t\t<div class=\"elementor-element elementor-element-e1a43ea elementor-widget-divider--view-line elementor-widget elementor-widget-divider\" data-id=\"e1a43ea\" data-element_type=\"widget\" data-e-type=\"widget\" data-widget_type=\"divider.default\">\n\t\t\t\t<div class=\"elementor-widget-container\">\n\t\t\t\t\t\t\t<div class=\"elementor-divider\">\n\t\t\t<span class=\"elementor-divider-separator\">\n\t\t\t\t\t\t<\/span>\n\t\t<\/div>\n\t\t\t\t\t\t<\/div>\n\t\t\t\t<\/div>\n\t\t\t\t<div class=\"elementor-element elementor-element-57aa50c2 elementor-widget elementor-widget-heading\" data-id=\"57aa50c2\" data-element_type=\"widget\" data-e-type=\"widget\" data-widget_type=\"heading.default\">\n\t\t\t\t<div class=\"elementor-widget-container\">\n\t\t\t\t\t<h1 class=\"elementor-heading-title elementor-size-default\">NUESTRA HISTORIA<\/h1>\t\t\t\t<\/div>\n\t\t\t\t<\/div>\n\t\t\t\t<div class=\"elementor-element elementor-element-3369b488 elementor-widget__width-initial elementor-widget elementor-widget-text-editor\" data-id=\"3369b488\" data-element_type=\"widget\" data-e-type=\"widget\" data-widget_type=\"text-editor.default\">\n\t\t\t\t<div class=\"elementor-widget-container\">\n\t\t\t\t\t\t\t\t\t<p><span class=\"OYPEnA font-feature-liga-off font-feature-clig-off font-feature-calt-off text-decoration-none text-strikethrough-none\">En octubre del 2022, Tropical\u2019s Colombia SAS fue fundada por un grupo familiar, con una visi\u00f3n emprendedora, apasionados por la alimentaci\u00f3n saludable y natural. La empresa naci\u00f3 con la misi\u00f3n de ofrecer frutas deshidratadas, de alta calidad, saludables y accesibles, aprovechando el creciente mercado de productos naturales.\u00a0<\/span><\/p><p>En sus primeros meses, la compa\u00f1\u00eda se centr\u00f3 en la producci\u00f3n y deshidrataci\u00f3n de frutas locales como la fresa, mora y uchuva. A medida que la calidad del producto mejoraba y el mercado local respond\u00eda positivamente, la empresa familiar decide expandirse, aumentando la producci\u00f3n y la diversificaci\u00f3n de los productos.<\/p><p><span class=\"OYPEnA font-feature-liga-off font-feature-clig-off font-feature-calt-off text-decoration-none text-strikethrough-none\">Para el a\u00f1o 2024 se iniciaron alianzas con peque\u00f1os agricultores locales, promoviendo la agricultura sostenible, el comercio justo y el desarrollo de mercados que benefician a las comunidades rurales. Gracias a la calidad excepcional de los productos y la creciente demanda de alimentos saludables, Tropical\u00b4s Colombia ha expandido sus operaciones a otras regiones del pa\u00eds.<\/span><\/p><p>En lo corrido del a\u00f1o 2025, Tropical\u00b4s Colombia\u00a0 inici\u00f3 una nueva etapa en su proceso de crecimiento al establecer una alianza estrat\u00e9gica con ProColombia y diversos socios nacionales e internacionales. Esta colaboraci\u00f3n marc\u00f3 el inicio de su camino hacia la <strong data-start=\"476\" data-end=\"517\">internacionalizaci\u00f3n de sus productos<\/strong>, con el objetivo de llevar los sabores y la calidad de los frutos colombianos a nuevos mercados en el exterior.<\/p>\t\t\t\t\t\t\t\t<\/div>\n\t\t\t\t<\/div>\n\t\t\t\t\t<\/div>\n\t\t<\/div>\n\t\t\t\t<div class=\"elementor-column elementor-col-50 elementor-top-column elementor-element elementor-element-71c17726\" data-id=\"71c17726\" data-element_type=\"column\" data-e-type=\"column\" data-settings=\"{&quot;background_background&quot;:&quot;classic&quot;}\">\n\t\t\t<div class=\"elementor-widget-wrap elementor-element-populated\">\n\t\t\t\t\t\t<div class=\"elementor-element elementor-element-6d0fcb4 elementor-widget__width-initial elementor-widget elementor-widget-video\" data-id=\"6d0fcb4\" data-element_type=\"widget\" data-e-type=\"widget\" data-settings=\"{&quot;youtube_url&quot;:&quot;https:\\\/\\\/youtube.com\\\/shorts\\\/_Ys_CNW__To?si=Z1bPAdzEPVumBz7g&quot;,&quot;video_type&quot;:&quot;youtube&quot;,&quot;controls&quot;:&quot;yes&quot;}\" data-widget_type=\"video.default\">\n\t\t\t\t<div class=\"elementor-widget-container\">\n\t\t\t\t\t\t\t<div class=\"elementor-wrapper elementor-open-inline\">\n\t\t\t<div class=\"elementor-video\"><\/div>\t\t<\/div>\n\t\t\t\t\t\t<\/div>\n\t\t\t\t<\/div>\n\t\t\t\t\t<\/div>\n\t\t<\/div>\n\t\t\t\t\t<\/div>\n\t\t<\/section>\n\t\t\t\t<section class=\"elementor-section elementor-top-section elementor-element elementor-element-313d7468 elementor-section-full_width elementor-reverse-tablet elementor-reverse-mobile elementor-section-height-default elementor-section-height-default\" data-id=\"313d7468\" data-element_type=\"section\" data-e-type=\"section\">\n\t\t\t\t\t\t<div class=\"elementor-container elementor-column-gap-no\">\n\t\t\t\t\t<div class=\"elementor-column elementor-col-50 elementor-top-column elementor-element elementor-element-6187dbdb\" data-id=\"6187dbdb\" data-element_type=\"column\" data-e-type=\"column\">\n\t\t\t<div class=\"elementor-widget-wrap elementor-element-populated\">\n\t\t\t\t\t\t<div class=\"elementor-element elementor-element-561283d5 elementor-arrows-position-inside elementor-widget elementor-widget-image-carousel\" data-id=\"561283d5\" data-element_type=\"widget\" data-e-type=\"widget\" data-settings=\"{&quot;slides_to_show&quot;:&quot;1&quot;,&quot;navigation&quot;:&quot;arrows&quot;,&quot;pause_on_hover&quot;:&quot;no&quot;,&quot;pause_on_interaction&quot;:&quot;no&quot;,&quot;lazyload&quot;:&quot;yes&quot;,&quot;autoplay&quot;:&quot;yes&quot;,&quot;autoplay_speed&quot;:5000,&quot;infinite&quot;:&quot;yes&quot;,&quot;effect&quot;:&quot;slide&quot;,&quot;speed&quot;:500}\" data-widget_type=\"image-carousel.default\">\n\t\t\t\t<div class=\"elementor-widget-container\">\n\t\t\t\t\t\t\t<div class=\"elementor-image-carousel-wrapper swiper\" role=\"region\" aria-roledescription=\"carousel\" aria-label=\"Carrusel de im\u00e1genes\" dir=\"ltr\">\n\t\t\t<div class=\"elementor-image-carousel swiper-wrapper swiper-image-stretch\" aria-live=\"off\">\n\t\t\t\t\t\t\t\t<div class=\"swiper-slide\" role=\"group\" aria-roledescription=\"slide\" aria-label=\"1 de 2\"><figure class=\"swiper-slide-inner\"><img fetchpriority=\"high\" decoding=\"async\" src=\"https:\/\/www.tropicalscolombia.com.co\/wp-content\/uploads\/2024\/12\/uchuva-scaled.jpg\" alt=\"Uchuva Deshidratada\" class=\"swiper-slide-image swiper-lazy\" width=\"2560\" height=\"1700\" \/><div class=\"swiper-lazy-preloader\"><\/div><\/figure><\/div><div class=\"swiper-slide\" role=\"group\" aria-roledescription=\"slide\" aria-label=\"2 de 2\"><figure class=\"swiper-slide-inner\"><img decoding=\"async\" src=\"https:\/\/www.tropicalscolombia.com.co\/wp-content\/uploads\/2024\/12\/lulo.jpg\" alt=\"lulo\" class=\"swiper-slide-image swiper-lazy\" width=\"650\" height=\"488\" \/><div class=\"swiper-lazy-preloader\"><\/div><\/figure><\/div>\t\t\t<\/div>\n\t\t\t\t\t\t\t\t\t\t\t\t<div class=\"elementor-swiper-button elementor-swiper-button-prev\" role=\"button\" tabindex=\"0\">\n\t\t\t\t\t\t<i aria-hidden=\"true\" class=\"eicon-chevron-left\"><\/i>\t\t\t\t\t<\/div>\n\t\t\t\t\t<div class=\"elementor-swiper-button elementor-swiper-button-next\" role=\"button\" tabindex=\"0\">\n\t\t\t\t\t\t<i aria-hidden=\"true\" class=\"eicon-chevron-right\"><\/i>\t\t\t\t\t<\/div>\n\t\t\t\t\n\t\t\t\t\t\t\t\t\t<\/div>\n\t\t\t\t\t\t<\/div>\n\t\t\t\t<\/div>\n\t\t\t\t<div class=\"elementor-element elementor-element-ad306a2 elementor-widget elementor-widget-text-editor\" data-id=\"ad306a2\" data-element_type=\"widget\" data-e-type=\"widget\" data-widget_type=\"text-editor.default\">\n\t\t\t\t<div class=\"elementor-widget-container\">\n\t\t\t\t\t\t\t\t\t<h2><span class=\"OYPEnA font-feature-liga-off font-feature-clig-off font-feature-calt-off text-decoration-none text-strikethrough-none\"><b><i>VISI\u00d3N<\/i><\/b><\/span><\/h2><p><span class=\"OYPEnA font-feature-liga-off font-feature-clig-off font-feature-calt-off text-decoration-none text-strikethrough-none\"><b>internacionalizaci\u00f3n: <\/b><\/span>\u00a0Ser reconocidos a nivel global como l\u00edderes en la producci\u00f3n y exportaci\u00f3n de frutos deshidratados naturales y sostenibles, destacando por nuestra calidad, innovaci\u00f3n y compromiso con el desarrollo social y ambiental de las comunidades productoras<\/p><p class=\"cvGsUA direction-ltr align-justify para-style-body\"><span class=\"OYPEnA font-feature-liga-off font-feature-clig-off font-feature-calt-off text-decoration-none text-strikethrough-none\"><b>Clientes y Consumidores: <\/b><\/span><span class=\"OYPEnA font-feature-liga-off font-feature-clig-off font-feature-calt-off text-decoration-none text-strikethrough-none\">Ser reconocidos por producir alimentos diferentes saludables y de calidad que perduren en el tiempo y para todas las edades.<\/span><\/p><p class=\"cvGsUA direction-ltr align-justify para-style-body\"><span class=\"OYPEnA font-feature-liga-off font-feature-clig-off font-feature-calt-off text-decoration-none text-strikethrough-none\"><b>Proveedores: <\/b><\/span><span class=\"OYPEnA font-feature-liga-off font-feature-clig-off font-feature-calt-off text-decoration-none text-strikethrough-none\">Ser los socios estrat\u00e9gicos de los cultivadores por comprar a precios justos y por tener alianzas perdurables en el tiempo.<\/span><\/p><p class=\"cvGsUA direction-ltr align-justify para-style-body\"><span class=\"OYPEnA font-feature-liga-off font-feature-clig-off font-feature-calt-off text-decoration-none text-strikethrough-none\"><b>Recurso Humano: <\/b><\/span><span class=\"OYPEnA font-feature-liga-off font-feature-clig-off font-feature-calt-off text-decoration-none text-strikethrough-none\">Ser la empresa que le aporta a sus trabajadores un buen ambiente laboral, una mejor la calidad de vida y una semilla a su crecimiento personal.<\/span><\/p><p class=\"cvGsUA direction-ltr align-justify para-style-body\"><span class=\"OYPEnA font-feature-liga-off font-feature-clig-off font-feature-calt-off text-decoration-none text-strikethrough-none\"><b>Trabajo Nacional: <\/b><\/span><span class=\"OYPEnA font-feature-liga-off font-feature-clig-off font-feature-calt-off text-decoration-none text-strikethrough-none\">Queremos ser la opci\u00f3n preferida de las familias y empresas de nuestro pa\u00eds, brindando productos que mejoren la calidad de vida de nuestros clientes, impulsando la sostenibilidad y el desarrollo de la agricultura local.<\/span><\/p><p class=\"cvGsUA direction-ltr align-justify para-style-body\"><span class=\"OYPEnA font-feature-liga-off font-feature-clig-off font-feature-calt-off text-decoration-none text-strikethrough-none\">\u00a0<\/span><\/p>\t\t\t\t\t\t\t\t<\/div>\n\t\t\t\t<\/div>\n\t\t\t\t\t<\/div>\n\t\t<\/div>\n\t\t\t\t<div class=\"elementor-column elementor-col-50 elementor-top-column elementor-element elementor-element-2fc3792f\" data-id=\"2fc3792f\" data-element_type=\"column\" data-e-type=\"column\">\n\t\t\t<div class=\"elementor-widget-wrap elementor-element-populated\">\n\t\t\t\t\t\t<div class=\"elementor-element elementor-element-6cae0a1a elementor-widget__width-initial elementor-widget elementor-widget-text-editor\" data-id=\"6cae0a1a\" data-element_type=\"widget\" data-e-type=\"widget\" data-widget_type=\"text-editor.default\">\n\t\t\t\t<div class=\"elementor-widget-container\">\n\t\t\t\t\t\t\t\t\t<h2><i><b>MISI\u00d3N<\/b><\/i><\/h2><p><span style=\"color: var( --e-global-color-text ); font-family: var( --e-global-typography-text-font-family ), Sans-serif; font-size: var( --e-global-typography-text-font-size ); font-style: var( --e-global-typography-text-font-style ); font-weight: var( --e-global-typography-text-font-weight ); letter-spacing: var( --e-global-typography-text-letter-spacing ); text-transform: var( --e-global-typography-text-text-transform ); background-color: var( --e-global-color-c696dce );\">Ofrecer a nuestros clientes una amplia variedad de deshidratados de la m\u00e1s alta calidad, 100% naturales. Comprometidos a brindar productos saludables, contribuyendo al bienestar de las personas. Fomentamos la sostenibilidad en todas nuestras operaciones, trabajando de la mano con los agricultores locales para apoyar la producci\u00f3n responsable<\/span><span style=\"color: var( --e-global-color-text ); font-family: var( --e-global-typography-text-font-family ), Sans-serif; font-size: var( --e-global-typography-text-font-size ); font-style: var( --e-global-typography-text-font-style ); font-weight: var( --e-global-typography-text-font-weight ); letter-spacing: var( --e-global-typography-text-letter-spacing ); text-transform: var( --e-global-typography-text-text-transform ); background-color: var( --e-global-color-c696dce );\">.<\/span><\/p>\t\t\t\t\t\t\t\t<\/div>\n\t\t\t\t<\/div>\n\t\t\t\t<div class=\"elementor-element elementor-element-72f39f7 elementor-widget elementor-widget-spacer\" data-id=\"72f39f7\" data-element_type=\"widget\" data-e-type=\"widget\" data-widget_type=\"spacer.default\">\n\t\t\t\t<div class=\"elementor-widget-container\">\n\t\t\t\t\t\t\t<div class=\"elementor-spacer\">\n\t\t\t<div class=\"elementor-spacer-inner\"><\/div>\n\t\t<\/div>\n\t\t\t\t\t\t<\/div>\n\t\t\t\t<\/div>\n\t\t\t\t<div class=\"elementor-element elementor-element-598c78c elementor-widget elementor-widget-image\" data-id=\"598c78c\" data-element_type=\"widget\" data-e-type=\"widget\" data-widget_type=\"image.default\">\n\t\t\t\t<div class=\"elementor-widget-container\">\n\t\t\t\t\t\t\t\t\t\t\t\t\t\t\t<img decoding=\"async\" src=\"https:\/\/www.tropicalscolombia.com.co\/wp-content\/uploads\/elementor\/thumbs\/WhatsApp-Image-2025-08-19-at-20.31.02-rana8zx75ydnk5i7zre87tv8212irwvvblf5flf8ps.jpeg\" alt=\"Mora Deshidratada\" title=\"Mora Deshidratada\" width=\"1200\" height=\"1200\" \/>\t\t\t\t\t\t\t\t\t\t\t\t\t\t\t<\/div>\n\t\t\t\t<\/div>\n\t\t\t\t\t<\/div>\n\t\t<\/div>\n\t\t\t\t\t<\/div>\n\t\t<\/section>\n\t\t\t\t<section class=\"elementor-section elementor-top-section elementor-element elementor-element-19923f0f elementor-section-boxed elementor-section-height-default elementor-section-height-default\" data-id=\"19923f0f\" data-element_type=\"section\" data-e-type=\"section\" data-settings=\"{&quot;background_background&quot;:&quot;classic&quot;}\">\n\t\t\t\t\t\t<div class=\"elementor-container elementor-column-gap-default\">\n\t\t\t\t\t<div class=\"elementor-column elementor-col-100 elementor-top-column elementor-element elementor-element-4a80719a\" data-id=\"4a80719a\" data-element_type=\"column\" data-e-type=\"column\" data-settings=\"{&quot;background_background&quot;:&quot;classic&quot;}\">\n\t\t\t<div class=\"elementor-widget-wrap elementor-element-populated\">\n\t\t\t\t\t\t<div class=\"elementor-element elementor-element-74ba5cef elementor-widget__width-initial elementor-widget elementor-widget-heading\" data-id=\"74ba5cef\" data-element_type=\"widget\" data-e-type=\"widget\" data-widget_type=\"heading.default\">\n\t\t\t\t<div class=\"elementor-widget-container\">\n\t\t\t\t\t<h2 class=\"elementor-heading-title elementor-size-default\">\u00a1NO TE CONFORMES CON MENOS!<\/h2>\t\t\t\t<\/div>\n\t\t\t\t<\/div>\n\t\t\t\t<div class=\"elementor-element elementor-element-573376e5 elementor-widget elementor-widget-text-editor\" data-id=\"573376e5\" data-element_type=\"widget\" data-e-type=\"widget\" data-widget_type=\"text-editor.default\">\n\t\t\t\t<div class=\"elementor-widget-container\">\n\t\t\t\t\t\t\t\t\t<p><b>Si tienes alguna pregunta, duda o necesitas m\u00e1s informaci\u00f3n sobre nuestros productos, no dudes en ponerte en contacto con nosotros<\/b><\/p>\t\t\t\t\t\t\t\t<\/div>\n\t\t\t\t<\/div>\n\t\t\t\t<div class=\"elementor-element elementor-element-30c804ab elementor-align-center elementor-invisible elementor-widget elementor-widget-button\" data-id=\"30c804ab\" data-element_type=\"widget\" data-e-type=\"widget\" data-settings=\"{&quot;_animation&quot;:&quot;fadeInDown&quot;}\" data-widget_type=\"button.default\">\n\t\t\t\t<div class=\"elementor-widget-container\">\n\t\t\t\t\t\t\t\t\t<div class=\"elementor-button-wrapper\">\n\t\t\t\t\t<a class=\"elementor-button elementor-button-link elementor-size-lg\" href=\"https:\/\/wa.me\/573059236539\">\n\t\t\t\t\t\t<span class=\"elementor-button-content-wrapper\">\n\t\t\t\t\t\t\t\t\t<span class=\"elementor-button-text\">Cont\u00e1ctanos<\/span>\n\t\t\t\t\t<\/span>\n\t\t\t\t\t<\/a>\n\t\t\t\t<\/div>\n\t\t\t\t\t\t\t\t<\/div>\n\t\t\t\t<\/div>\n\t\t\t\t\t<\/div>\n\t\t<\/div>\n\t\t\t\t\t<\/div>\n\t\t<\/section>\n\t\t\t\t<\/div>\n\t\t","protected":false},"excerpt":{"rendered":"<p>NUESTRA HISTORIA En octubre del 2022, Tropical\u2019s Colombia SAS fue fundada por un grupo familiar, con una visi\u00f3n emprendedora, apasionados por la alimentaci\u00f3n saludable y natural. La empresa naci\u00f3 con la misi\u00f3n de ofrecer frutas deshidratadas, de alta calidad, saludables y accesibles, aprovechando el creciente mercado de productos naturales.\u00a0 En sus primeros meses, la compa\u00f1\u00eda [&hellip;]<\/p>\n","protected":false},"author":1,"featured_media":0,"parent":0,"menu_order":0,"comment_status":"closed","ping_status":"closed","template":"elementor_header_footer","meta":{"footnotes":""},"class_list":["post-20","page","type-page","status-publish","hentry"],"_links":{"self":[{"href":"https:\/\/www.tropicalscolombia.com.co\/index.php?rest_route=\/wp\/v2\/pages\/20","targetHints":{"allow":["GET"]}}],"collection":[{"href":"https:\/\/www.tropicalscolombia.com.co\/index.php?rest_route=\/wp\/v2\/pages"}],"about":[{"href":"https:\/\/www.tropicalscolombia.com.co\/index.php?rest_route=\/wp\/v2\/types\/page"}],"author":[{"embeddable":true,"href":"https:\/\/www.tropicalscolombia.com.co\/index.php?rest_route=\/wp\/v2\/users\/1"}],"replies":[{"embeddable":true,"href":"https:\/\/www.tropicalscolombia.com.co\/index.php?rest_route=%2Fwp%2Fv2%2Fcomments&post=20"}],"version-history":[{"count":124,"href":"https:\/\/www.tropicalscolombia.com.co\/index.php?rest_route=\/wp\/v2\/pages\/20\/revisions"}],"predecessor-version":[{"id":893,"href":"https:\/\/www.tropicalscolombia.com.co\/index.php?rest_route=\/wp\/v2\/pages\/20\/revisions\/893"}],"wp:attachment":[{"href":"https:\/\/www.tropicalscolombia.com.co\/index.php?rest_route=%2Fwp%2Fv2%2Fmedia&parent=20"}],"curies":[{"name":"wp","href":"https:\/\/api.w.org\/{rel}","templated":true}]}}