{"id":30,"date":"2024-12-02T02:50:15","date_gmt":"2024-12-02T02:50:15","guid":{"rendered":"https:\/\/www.tropicalscolombia.com.co\/galeria\/"},"modified":"2025-08-22T22:51:47","modified_gmt":"2025-08-22T22:51:47","slug":"galeria","status":"publish","type":"page","link":"https:\/\/www.tropicalscolombia.com.co\/?page_id=30","title":{"rendered":"Galer\u00eda"},"content":{"rendered":"\t\t<div data-elementor-type=\"wp-page\" data-elementor-id=\"30\" class=\"elementor elementor-30\">\n\t\t\t\t\t\t<section class=\"elementor-section elementor-top-section elementor-element elementor-element-57b4341c elementor-section-height-min-height elementor-section-items-stretch elementor-section-content-middle elementor-section-boxed elementor-section-height-default\" data-id=\"57b4341c\" data-element_type=\"section\" data-e-type=\"section\" data-settings=\"{&quot;background_background&quot;:&quot;classic&quot;,&quot;shape_divider_bottom&quot;:&quot;zigzag&quot;}\">\n\t\t\t\t\t\t\t<div class=\"elementor-background-overlay\"><\/div>\n\t\t\t\t\t\t<div class=\"elementor-shape elementor-shape-bottom\" aria-hidden=\"true\" data-negative=\"false\">\n\t\t\t<svg xmlns=\"http:\/\/www.w3.org\/2000\/svg\" viewBox=\"0 0 1800 5.8\" preserveAspectRatio=\"none\">\n  <path class=\"elementor-shape-fill\" d=\"M5.4.4l5.4 5.3L16.5.4l5.4 5.3L27.5.4 33 5.7 38.6.4l5.5 5.4h.1L49.9.4l5.4 5.3L60.9.4l5.5 5.3L72 .4l5.5 5.3L83.1.4l5.4 5.3L94.1.4l5.5 5.4h.2l5.6-5.4 5.5 5.3 5.6-5.3 5.4 5.3 5.6-5.3 5.5 5.3 5.6-5.3 5.5 5.4h.2l5.6-5.4 5.4 5.3L161 .4l5.4 5.3L172 .4l5.5 5.3 5.6-5.3 5.4 5.3 5.7-5.3 5.4 5.4h.2l5.6-5.4 5.5 5.3 5.6-5.3 5.5 5.3 5.6-5.3 5.4 5.3 5.6-5.3 5.5 5.4h.2l5.6-5.4 5.5 5.3L261 .4l5.4 5.3L272 .4l5.5 5.3 5.6-5.3 5.5 5.3 5.6-5.3 5.5 5.4h.1l5.7-5.4 5.4 5.3 5.6-5.3 5.5 5.3 5.6-5.3 5.4 5.3 5.7-5.3 5.4 5.4h.2l5.6-5.4 5.5 5.3L361 .4l5.5 5.3 5.6-5.3 5.4 5.3 5.6-5.3 5.5 5.3 5.6-5.3 5.5 5.4h.1l5.7-5.4 5.4 5.3 5.6-5.3 5.5 5.3 5.6-5.3 5.5 5.3 5.6-5.3 5.5 5.4h.1l5.6-5.4 5.5 5.3L461 .4l5.5 5.3 5.6-5.3 5.4 5.3 5.7-5.3 5.4 5.3 5.6-5.3 5.5 5.4h.2l5.6-5.4 5.5 5.3 5.6-5.3 5.4 5.3 5.6-5.3 5.5 5.3 5.6-5.3 5.5 5.4h.1L550 .4l5.4 5.3L561 .4l5.5 5.3 5.6-5.3 5.5 5.3 5.6-5.3 5.4 5.3 5.6-5.3 5.5 5.4h.2l5.6-5.4 5.5 5.3 5.6-5.3 5.4 5.3 5.7-5.3 5.4 5.3 5.6-5.3 5.5 5.4h.2L650 .4l5.5 5.3 5.6-5.3 5.4 5.3 5.6-5.3 5.5 5.3 5.6-5.3 5.5 5.3 5.6-5.3 5.4 5.4h.2l5.6-5.4 5.5 5.3 5.6-5.3 5.5 5.3 5.6-5.3 5.4 5.3 5.6-5.3 5.5 5.4h.2L750 .4l5.5 5.3 5.6-5.3 5.4 5.3 5.7-5.3 5.4 5.3 5.6-5.3 5.5 5.3 5.6-5.3 5.5 5.4h.1l5.7-5.4 5.4 5.3 5.6-5.3 5.5 5.3 5.6-5.3 5.5 5.3 5.6-5.3 5.4 5.4h.2L850 .4l5.5 5.3 5.6-5.3 5.5 5.3 5.6-5.3 5.4 5.3 5.6-5.3 5.5 5.3 5.6-5.3 5.5 5.4h.2l5.6-5.4 5.4 5.3 5.7-5.3 5.4 5.3 5.6-5.3 5.5 5.3 5.6-5.3 5.5 5.4h.1l5.7-5.4 5.4 5.3 5.6-5.3 5.5 5.3 5.6-5.3 5.5 5.3 5.6-5.3 5.4 5.3 5.6-5.3 5.5 5.4h.2l5.6-5.4 5.5 5.3 5.6-5.3 5.4 5.3 5.6-5.3 5.5 5.3 5.6-5.3 5.5 5.4h.2l5.6-5.4 5.4 5.3 5.7-5.3 5.4 5.3 5.6-5.3 5.5 5.3 5.6-5.3 5.5 5.3 5.6-5.3 5.4 5.4h.2l5.6-5.4 5.5 5.3 5.6-5.3 5.5 5.3 5.6-5.3 5.4 5.3 5.6-5.3 5.5 5.4h.2l5.6-5.4 5.5 5.3 5.6-5.3 5.4 5.3 5.6-5.3 5.5 5.3 5.6-5.3 5.5 5.3 5.6-5.3 5.5 5.4h.1l5.7-5.4 5.4 5.3 5.6-5.3 5.5 5.3 5.6-5.3 5.5 5.3 5.6-5.3 5.4 5.4h.2l5.6-5.4 5.5 5.3 5.6-5.3 5.5 5.3 5.6-5.3 5.4 5.3 5.6-5.3 5.5 5.3 5.6-5.3 5.5 5.4h.2l5.6-5.4 5.4 5.3 5.6-5.3 5.5 5.3 5.6-5.3 5.5 5.3 5.6-5.3 5.5 5.4h.1l5.7-5.4 5.4 5.3 5.6-5.3 5.5 5.3 5.6-5.3 5.5 5.3 5.6-5.3 5.4 5.3 5.6-5.3 5.5 5.4h.2l5.6-5.4 5.5 5.3 5.6-5.3 5.4 5.3 5.6-5.3 5.5 5.3 5.6-5.3 5.5 5.4h.2l5.6-5.4 5.4 5.3 5.6-5.3 5.5 5.3 5.6-5.3 5.5 5.3 5.6-5.3 5.4 5.3 5.7-5.3 5.4 5.4h.2l5.6-5.4 5.5 5.3 5.6-5.3 5.5 5.3 5.6-5.3 5.4 5.3 5.6-5.3 5.5 5.4h.2l5.6-5.4 5.5 5.3 5.6-5.3 5.4 5.3 5.6-5.3 5.5 5.3 5.6-5.3 5.5 5.3 5.6-5.3 5.5 5.4h.1l5.6-5.4 5.5 5.3 5.6-5.3 5.5 5.3 5.6-5.3 5.4 5.3 5.7-5.3 5.4 5.4h.2l5.6-5.4 5.5 5.3 5.6-5.3 5.5 5.3 5.6-5.3 5.4 5.3 5.6-5.3 5.5 5.3 5.6-5.3 5.5 5.4h.1l5.7-5.4 5.4 5.3 5.6-5.3 5.5 5.3 5.6-5.3 5.5 5.3 5.6-5.3 5.5 5.4h.1l5.6-5.4 5.5 5.3 5.6-5.3 5.5 5.3 5.6-5.3 5.4 5.3 5.7-5.3 5.4 5.3 5.6-5.3 5.5 5.4V0H-.2v5.8z\"\/>\n<\/svg>\n\t\t<\/div>\n\t\t\t\t\t<div class=\"elementor-container elementor-column-gap-no\">\n\t\t\t\t\t<div class=\"elementor-column elementor-col-100 elementor-top-column elementor-element elementor-element-39bad6be\" data-id=\"39bad6be\" data-element_type=\"column\" data-e-type=\"column\">\n\t\t\t<div class=\"elementor-widget-wrap elementor-element-populated\">\n\t\t\t\t\t\t<div class=\"elementor-element elementor-element-69e29072 elementor-widget elementor-widget-heading\" data-id=\"69e29072\" data-element_type=\"widget\" data-e-type=\"widget\" data-widget_type=\"heading.default\">\n\t\t\t\t<div class=\"elementor-widget-container\">\n\t\t\t\t\t<h1 class=\"elementor-heading-title elementor-size-default\">Galer\u00eda<\/h1>\t\t\t\t<\/div>\n\t\t\t\t<\/div>\n\t\t\t\t<div class=\"elementor-element elementor-element-37475232 elementor-widget__width-initial elementor-widget-tablet__width-initial elementor-widget elementor-widget-heading\" data-id=\"37475232\" data-element_type=\"widget\" data-e-type=\"widget\" data-widget_type=\"heading.default\">\n\t\t\t\t<div class=\"elementor-widget-container\">\n\t\t\t\t\t<h5 class=\"elementor-heading-title elementor-size-default\">Nuestra galer\u00eda es un espacio \u00fanico donde el sabor, la textura y los beneficios de la naturaleza se fusionan. Cada producto que encuentras en nuestra colecci\u00f3n ha sido cuidadosamente seleccionada y deshidratada para preservar su frescura, sabor y nutrientes, sin aditivos ni conservantes artificiales.<\/h5>\t\t\t\t<\/div>\n\t\t\t\t<\/div>\n\t\t\t\t\t<\/div>\n\t\t<\/div>\n\t\t\t\t\t<\/div>\n\t\t<\/section>\n\t\t<div class=\"elementor-element elementor-element-9221b60 e-flex e-con-boxed e-con e-parent\" data-id=\"9221b60\" data-element_type=\"container\" data-e-type=\"container\">\n\t\t\t\t\t<div class=\"e-con-inner\">\n\t\t\t\t<div class=\"elementor-element elementor-element-0860633 elementor-widget elementor-widget-text-editor\" data-id=\"0860633\" data-element_type=\"widget\" data-e-type=\"widget\" data-widget_type=\"text-editor.default\">\n\t\t\t\t<div class=\"elementor-widget-container\">\n\t\t\t\t\t\t\t\t\t<h1 style=\"text-align: center;\"><b>Impacto que generamos junto a los campesinos<\/b><\/h1><div><h3 style=\"text-align: center;\" data-start=\"509\" data-end=\"678\">Al elegir nuestros productos, no solo recibes alimentos deshidratados de calidad, tambi\u00e9n apoyas directamente a familias campesinas colombianas.<\/h3><p data-start=\"509\" data-end=\"678\">\u00a0<\/p><\/div><div>\u00a0<\/div>\t\t\t\t\t\t\t\t<\/div>\n\t\t\t\t<\/div>\n\t\t\t\t\t<\/div>\n\t\t\t\t<\/div>\n\t\t<div class=\"elementor-element elementor-element-d947b71 e-flex e-con-boxed e-con e-parent\" data-id=\"d947b71\" data-element_type=\"container\" data-e-type=\"container\">\n\t\t\t\t\t<div class=\"e-con-inner\">\n\t\t<div class=\"elementor-element elementor-element-513fc48 e-grid e-con-full e-con e-child\" data-id=\"513fc48\" data-element_type=\"container\" data-e-type=\"container\">\n\t\t\t\t<div class=\"elementor-element elementor-element-abdf687 elementor-widget elementor-widget-text-editor\" data-id=\"abdf687\" data-element_type=\"widget\" data-e-type=\"widget\" data-widget_type=\"text-editor.default\">\n\t\t\t\t<div class=\"elementor-widget-container\">\n\t\t\t\t\t\t\t\t\t<h3 style=\"text-align: center;\">\ud83c\udf31 <strong data-start=\"789\" data-end=\"820\">Desarrollo rural sostenible \ud83c\udf31<\/strong><\/h3><h5 style=\"text-align: center;\">Impulsamos la econom\u00eda local y fortalecemos las comunidades campesinas.<\/h5><div><strong data-start=\"789\" data-end=\"820\">\u00a0<\/strong><\/div>\t\t\t\t\t\t\t\t<\/div>\n\t\t\t\t<\/div>\n\t\t<div class=\"elementor-element elementor-element-385de8b e-con-full e-flex e-con e-child\" data-id=\"385de8b\" data-element_type=\"container\" data-e-type=\"container\">\n\t\t\t\t<div class=\"elementor-element elementor-element-4eba4de elementor-widget elementor-widget-text-editor\" data-id=\"4eba4de\" data-element_type=\"widget\" data-e-type=\"widget\" data-widget_type=\"text-editor.default\">\n\t\t\t\t<div class=\"elementor-widget-container\">\n\t\t\t\t\t\t\t\t\t<h3 style=\"text-align: center;\">\ud83d\udc68\u200d\ud83d\udc69\u200d\ud83d\udc67 <strong data-start=\"907\" data-end=\"939\">Apoyo a familias productoras<\/strong>\ud83d\udc68\u200d\ud83d\udc69\u200d\ud83d\udc67<\/h3><h5 style=\"text-align: center;\">Cada compra contribuye a mejorar los ingresos y la calidad de vida de los agricultores.<\/h5>\t\t\t\t\t\t\t\t<\/div>\n\t\t\t\t<\/div>\n\t\t\t\t<\/div>\n\t\t<div class=\"elementor-element elementor-element-ffbc388 e-con-full e-flex e-con e-child\" data-id=\"ffbc388\" data-element_type=\"container\" data-e-type=\"container\">\n\t\t\t\t<div class=\"elementor-element elementor-element-13b534b elementor-widget elementor-widget-text-editor\" data-id=\"13b534b\" data-element_type=\"widget\" data-e-type=\"widget\" data-widget_type=\"text-editor.default\">\n\t\t\t\t<div class=\"elementor-widget-container\">\n\t\t\t\t\t\t\t\t\t<h3 style=\"text-align: center;\">\ud83e\udd1d <strong data-start=\"1036\" data-end=\"1073\">Relaciones justas y transparentes\ud83e\udd1d<\/strong><\/h3><h5 style=\"text-align: center;\"><strong data-start=\"1036\" data-end=\"1073\">\u00a0<\/strong>Promovemos precios justos y acuerdos que benefician a ambas partes.<\/h5>\t\t\t\t\t\t\t\t<\/div>\n\t\t\t\t<\/div>\n\t\t\t\t<\/div>\n\t\t\t\t<div class=\"elementor-element elementor-element-d9c5916 elementor-widget elementor-widget-text-editor\" data-id=\"d9c5916\" data-element_type=\"widget\" data-e-type=\"widget\" data-widget_type=\"text-editor.default\">\n\t\t\t\t<div class=\"elementor-widget-container\">\n\t\t\t\t\t\t\t\t\t<h3 style=\"text-align: center;\">\ud83c\udf0d <strong data-start=\"1150\" data-end=\"1176\">Producci\u00f3n responsable \ud83c\udf0d<\/strong><\/h3><h5 style=\"text-align: center;\"><br data-start=\"1176\" data-end=\"1179\" \/>Pr\u00e1cticas agr\u00edcolas sostenibles que respetan la tierra y garantizan productos m\u00e1s naturales.<\/h5>\t\t\t\t\t\t\t\t<\/div>\n\t\t\t\t<\/div>\n\t\t\t\t<\/div>\n\t\t\t\t\t<\/div>\n\t\t\t\t<\/div>\n\t\t<div class=\"elementor-element elementor-element-b9955a0 e-grid e-con-full e-con e-parent\" data-id=\"b9955a0\" data-element_type=\"container\" data-e-type=\"container\">\n\t\t\t\t<div class=\"elementor-element elementor-element-04749f1 elementor-widget elementor-widget-image\" data-id=\"04749f1\" data-element_type=\"widget\" data-e-type=\"widget\" data-widget_type=\"image.default\">\n\t\t\t\t<div class=\"elementor-widget-container\">\n\t\t\t\t\t\t\t\t\t\t\t\t\t\t\t<img fetchpriority=\"high\" decoding=\"async\" src=\"https:\/\/www.tropicalscolombia.com.co\/wp-content\/uploads\/elementor\/thumbs\/WhatsApp-Image-2025-08-19-at-20.31.02-1-randqejsg8it988bt2t5l4plybh23v8mdqo2ds4sco.jpeg\" alt=\"WhatsApp Image 2025-08-19 at 20.31.02\" title=\"WhatsApp Image 2025-08-19 at 20.31.02\" width=\"500\" height=\"500\" \/>\t\t\t\t\t\t\t\t\t\t\t\t\t\t\t<\/div>\n\t\t\t\t<\/div>\n\t\t\t\t<div class=\"elementor-element elementor-element-01d83d5 elementor-widget elementor-widget-image\" data-id=\"01d83d5\" data-element_type=\"widget\" data-e-type=\"widget\" data-widget_type=\"image.default\">\n\t\t\t\t<div class=\"elementor-widget-container\">\n\t\t\t\t\t\t\t\t\t\t\t\t\t\t\t<img decoding=\"async\" src=\"https:\/\/www.tropicalscolombia.com.co\/wp-content\/uploads\/elementor\/thumbs\/WhatsApp-Image-2025-08-19-at-20.31.04-5-ran958criaex405iaoj8ft7o2tl3ilin07qghd19qg.jpeg\" alt=\"WhatsApp Image 2025-08-19 at 20.31.04 (5)\" title=\"WhatsApp Image 2025-08-19 at 20.31.04 (5)\" width=\"500\" height=\"500\" \/>\t\t\t\t\t\t\t\t\t\t\t\t\t\t\t<\/div>\n\t\t\t\t<\/div>\n\t\t\t\t<div class=\"elementor-element elementor-element-714019d elementor-widget elementor-widget-image\" data-id=\"714019d\" data-element_type=\"widget\" data-e-type=\"widget\" data-widget_type=\"image.default\">\n\t\t\t\t<div class=\"elementor-widget-container\">\n\t\t\t\t\t\t\t\t\t\t\t\t\t\t\t<img decoding=\"async\" src=\"https:\/\/www.tropicalscolombia.com.co\/wp-content\/uploads\/elementor\/thumbs\/aromatica-e1742393990717-r33ddwq0i92bu5q99fbhwgj9oju89ffgrhmzzzprwo.jpg\" alt=\"aromatica con frutos deshidratados\" title=\"aromatica con frutos deshidratados\" width=\"500\" height=\"500\" \/>\t\t\t\t\t\t\t\t\t\t\t\t\t\t\t<\/div>\n\t\t\t\t<\/div>\n\t\t\t\t<div class=\"elementor-element elementor-element-87de194 elementor-widget elementor-widget-image\" data-id=\"87de194\" data-element_type=\"widget\" data-e-type=\"widget\" data-widget_type=\"image.default\">\n\t\t\t\t<div class=\"elementor-widget-container\">\n\t\t\t\t\t\t\t\t\t\t\t\t\t\t\t<img loading=\"lazy\" decoding=\"async\" src=\"https:\/\/www.tropicalscolombia.com.co\/wp-content\/uploads\/elementor\/thumbs\/4cb8bb38-3510-4c24-9c31-76c134c92462-e1736275344898-qzo3nuaa3obapn8i64dwrun6m30qq8z3egy0dylfns.jpg\" alt=\"Banano Deshidratado\" title=\"Banano Deshidratado\" width=\"500\" height=\"500\" \/>\t\t\t\t\t\t\t\t\t\t\t\t\t\t\t<\/div>\n\t\t\t\t<\/div>\n\t\t\t\t<div class=\"elementor-element elementor-element-78a2a07 elementor-widget elementor-widget-image\" data-id=\"78a2a07\" data-element_type=\"widget\" data-e-type=\"widget\" data-widget_type=\"image.default\">\n\t\t\t\t<div class=\"elementor-widget-container\">\n\t\t\t\t\t\t\t\t\t\t\t\t\t\t\t<img loading=\"lazy\" decoding=\"async\" src=\"https:\/\/www.tropicalscolombia.com.co\/wp-content\/uploads\/elementor\/thumbs\/tomate-qy8l1bie4nz93jc0rfbkfnevecpg21ig6vd7jfzd6w.webp\" alt=\"tomate Deshidratado\" title=\"tomate Deshidratado\" width=\"500\" height=\"500\" \/>\t\t\t\t\t\t\t\t\t\t\t\t\t\t\t<\/div>\n\t\t\t\t<\/div>\n\t\t\t\t<div class=\"elementor-element elementor-element-c327380 elementor-widget elementor-widget-image\" data-id=\"c327380\" data-element_type=\"widget\" data-e-type=\"widget\" data-widget_type=\"image.default\">\n\t\t\t\t<div class=\"elementor-widget-container\">\n\t\t\t\t\t\t\t\t\t\t\t\t\t\t\t<img loading=\"lazy\" decoding=\"async\" src=\"https:\/\/www.tropicalscolombia.com.co\/wp-content\/uploads\/elementor\/thumbs\/21bdadb8-6498-49fc-bcba-c6a3a9118e98-e1734362832788-qylkk30u8u0yj5pjx46dgyrgoa0fu7h9vf41tau9ag.jpg\" alt=\"Verduras Deshidratadas\" title=\"Verduras Deshidratadas\" width=\"500\" height=\"500\" \/>\t\t\t\t\t\t\t\t\t\t\t\t\t\t\t<\/div>\n\t\t\t\t<\/div>\n\t\t\t\t<div class=\"elementor-element elementor-element-ef34bdd elementor-widget elementor-widget-image\" data-id=\"ef34bdd\" data-element_type=\"widget\" data-e-type=\"widget\" data-widget_type=\"image.default\">\n\t\t\t\t<div class=\"elementor-widget-container\">\n\t\t\t\t\t\t\t\t\t\t\t\t\t\t\t<img loading=\"lazy\" decoding=\"async\" src=\"https:\/\/www.tropicalscolombia.com.co\/wp-content\/uploads\/elementor\/thumbs\/85288986-fac0-474c-b35d-ea9ec5dedd32-e1734354413809-qyleg9hlyn3xe30eiliauxprhbh8qft3ber6gqrqfc.jpg\" alt=\"Uchuva\" title=\"Uchuva\" width=\"500\" height=\"500\" \/>\t\t\t\t\t\t\t\t\t\t\t\t\t\t\t<\/div>\n\t\t\t\t<\/div>\n\t\t\t\t<div class=\"elementor-element elementor-element-20733c1 elementor-widget elementor-widget-image\" data-id=\"20733c1\" data-element_type=\"widget\" data-e-type=\"widget\" data-widget_type=\"image.default\">\n\t\t\t\t<div class=\"elementor-widget-container\">\n\t\t\t\t\t\t\t\t\t\t\t\t\t\t\t<img loading=\"lazy\" decoding=\"async\" src=\"https:\/\/www.tropicalscolombia.com.co\/wp-content\/uploads\/elementor\/thumbs\/4bf25ddf-511b-4232-b4ee-fdd816485df2-1-qyllgrurxeryay8518va6pskeovzj997p7vynqdcw8.jpg\" alt=\"4bf25ddf-511b-4232-b4ee-fdd816485df2\" title=\"4bf25ddf-511b-4232-b4ee-fdd816485df2\" width=\"500\" height=\"500\" \/>\t\t\t\t\t\t\t\t\t\t\t\t\t\t\t<\/div>\n\t\t\t\t<\/div>\n\t\t\t\t<div class=\"elementor-element elementor-element-a0c1ccd elementor-widget elementor-widget-image\" data-id=\"a0c1ccd\" data-element_type=\"widget\" data-e-type=\"widget\" data-widget_type=\"image.default\">\n\t\t\t\t<div class=\"elementor-widget-container\">\n\t\t\t\t\t\t\t\t\t\t\t\t\t\t\t<img loading=\"lazy\" decoding=\"async\" src=\"https:\/\/www.tropicalscolombia.com.co\/wp-content\/uploads\/elementor\/thumbs\/brocoli_mejorado-ranblghezh6sue004bflz1q7bsqczurngw453c7zpk.jpg\" alt=\"brocoli_mejorado\" title=\"brocoli_mejorado\" width=\"500\" height=\"500\" \/>\t\t\t\t\t\t\t\t\t\t\t\t\t\t\t<\/div>\n\t\t\t\t<\/div>\n\t\t\t\t<div class=\"elementor-element elementor-element-66e821c elementor-widget elementor-widget-image\" data-id=\"66e821c\" data-element_type=\"widget\" data-e-type=\"widget\" data-widget_type=\"image.default\">\n\t\t\t\t<div class=\"elementor-widget-container\">\n\t\t\t\t\t\t\t\t\t\t\t\t\t\t\t<img loading=\"lazy\" decoding=\"async\" src=\"https:\/\/www.tropicalscolombia.com.co\/wp-content\/uploads\/elementor\/thumbs\/c2337d32-b0ff-48a7-9aaa-a8f0165528bf-qyllymsds382w8a8qys3k7juq8v1s85m5m42wzw2o8.jpg\" alt=\"Mango Deshidratado\" title=\"Mango Deshidratado\" width=\"500\" height=\"500\" \/>\t\t\t\t\t\t\t\t\t\t\t\t\t\t\t<\/div>\n\t\t\t\t<\/div>\n\t\t\t\t<div class=\"elementor-element elementor-element-ea78f65 elementor-widget elementor-widget-image\" data-id=\"ea78f65\" data-element_type=\"widget\" data-e-type=\"widget\" data-widget_type=\"image.default\">\n\t\t\t\t<div class=\"elementor-widget-container\">\n\t\t\t\t\t\t\t\t\t\t\t\t\t\t\t<img loading=\"lazy\" decoding=\"async\" src=\"https:\/\/www.tropicalscolombia.com.co\/wp-content\/uploads\/elementor\/thumbs\/290c0626-2c2c-49ce-9f4e-cd4a86de1742-qzl1ch8cvttfw9v14z85jidx2fd0blxv21twu8z2q0.jpg\" alt=\"Manzana Deshidratada\" title=\"Manzana Deshidratada\" width=\"500\" height=\"500\" \/>\t\t\t\t\t\t\t\t\t\t\t\t\t\t\t<\/div>\n\t\t\t\t<\/div>\n\t\t\t\t<div class=\"elementor-element elementor-element-5c62dfa elementor-widget elementor-widget-image\" data-id=\"5c62dfa\" data-element_type=\"widget\" data-e-type=\"widget\" data-widget_type=\"image.default\">\n\t\t\t\t<div class=\"elementor-widget-container\">\n\t\t\t\t\t\t\t\t\t\t\t\t\t\t\t<img loading=\"lazy\" decoding=\"async\" src=\"https:\/\/www.tropicalscolombia.com.co\/wp-content\/uploads\/elementor\/thumbs\/edc4b0fd-8254-48aa-b582-778ff13a9c0d-e1734355015367-qylevzcg8wmjjc6gqe3pjyx93a07g87i57hhdbgqdk.jpg\" alt=\"Uchuva Deshidratada\" title=\"Uchuva Deshidratada\" width=\"500\" height=\"500\" \/>\t\t\t\t\t\t\t\t\t\t\t\t\t\t\t<\/div>\n\t\t\t\t<\/div>\n\t\t\t\t<div class=\"elementor-element elementor-element-cbda2f8 elementor-widget elementor-widget-image\" data-id=\"cbda2f8\" data-element_type=\"widget\" data-e-type=\"widget\" data-widget_type=\"image.default\">\n\t\t\t\t<div class=\"elementor-widget-container\">\n\t\t\t\t\t\t\t\t\t\t\t\t\t\t\t<img loading=\"lazy\" decoding=\"async\" src=\"https:\/\/www.tropicalscolombia.com.co\/wp-content\/uploads\/elementor\/thumbs\/WhatsApp-Image-2025-08-19-at-20.31.02-3-rane1pjwnhzywdt4sgqm2s0765qzot4e9p5b6ldbig.jpeg\" alt=\"WhatsApp Image 2025-08-19 at 20.31.02 (3)\" title=\"WhatsApp Image 2025-08-19 at 20.31.02 (3)\" width=\"500\" height=\"500\" \/>\t\t\t\t\t\t\t\t\t\t\t\t\t\t\t<\/div>\n\t\t\t\t<\/div>\n\t\t\t\t<div class=\"elementor-element elementor-element-7b059fc elementor-widget elementor-widget-image\" data-id=\"7b059fc\" data-element_type=\"widget\" data-e-type=\"widget\" data-widget_type=\"image.default\">\n\t\t\t\t<div class=\"elementor-widget-container\">\n\t\t\t\t\t\t\t\t\t\t\t\t\t\t\t<img loading=\"lazy\" decoding=\"async\" src=\"https:\/\/www.tropicalscolombia.com.co\/wp-content\/uploads\/elementor\/thumbs\/WhatsApp-Image-2025-08-19-at-20.31.03-1-rane27eu9cof0z36w6giw5hyghayr23ao5jjaumu88.jpeg\" alt=\"WhatsApp Image 2025-08-19 at 20.31.03 (1)\" title=\"WhatsApp Image 2025-08-19 at 20.31.03 (1)\" width=\"500\" height=\"500\" \/>\t\t\t\t\t\t\t\t\t\t\t\t\t\t\t<\/div>\n\t\t\t\t<\/div>\n\t\t\t\t<div class=\"elementor-element elementor-element-60cf5fa elementor-widget elementor-widget-image\" data-id=\"60cf5fa\" data-element_type=\"widget\" data-e-type=\"widget\" data-widget_type=\"image.default\">\n\t\t\t\t<div class=\"elementor-widget-container\">\n\t\t\t\t\t\t\t\t\t\t\t\t\t\t\t<img loading=\"lazy\" decoding=\"async\" src=\"https:\/\/www.tropicalscolombia.com.co\/wp-content\/uploads\/elementor\/thumbs\/PHOTO-2025-01-09-15-11-27-5-e1755896291578-ranebh3jnjd7ijmhrop2zbalc9m9nlw0a14wo2w2vc.jpg\" alt=\"PHOTO-2025-01-09-15-11-27 5\" title=\"PHOTO-2025-01-09-15-11-27 5\" width=\"500\" height=\"500\" \/>\t\t\t\t\t\t\t\t\t\t\t\t\t\t\t<\/div>\n\t\t\t\t<\/div>\n\t\t\t\t<div class=\"elementor-element elementor-element-57af2c9 elementor-widget elementor-widget-image\" data-id=\"57af2c9\" data-element_type=\"widget\" data-e-type=\"widget\" data-widget_type=\"image.default\">\n\t\t\t\t<div class=\"elementor-widget-container\">\n\t\t\t\t\t\t\t\t\t\t\t\t\t\t\t<img loading=\"lazy\" decoding=\"async\" src=\"https:\/\/www.tropicalscolombia.com.co\/wp-content\/uploads\/elementor\/thumbs\/WhatsApp-Image-2025-01-08-at-11.48.32-AM-e1736355034882-qzppgjsun4nav4w2aiph7shxdrgzlz8st0tqadia2w.jpeg\" alt=\"WhatsApp Image 2025-01-08 at 11.48.32 AM\" title=\"WhatsApp Image 2025-01-08 at 11.48.32 AM\" width=\"500\" height=\"500\" \/>\t\t\t\t\t\t\t\t\t\t\t\t\t\t\t<\/div>\n\t\t\t\t<\/div>\n\t\t\t\t<div class=\"elementor-element elementor-element-93aff73 elementor-widget elementor-widget-image\" data-id=\"93aff73\" data-element_type=\"widget\" data-e-type=\"widget\" data-widget_type=\"image.default\">\n\t\t\t\t<div class=\"elementor-widget-container\">\n\t\t\t\t\t\t\t\t\t\t\t\t\t\t\t<img loading=\"lazy\" decoding=\"async\" src=\"https:\/\/www.tropicalscolombia.com.co\/wp-content\/uploads\/elementor\/thumbs\/WhatsApp-Image-2025-08-22-at-16.01.07-raneja5af01xxya96k6j6udeyh50l3vr0o735tbd6w.jpeg\" alt=\"WhatsApp Image 2025-08-22 at 16.01.07\" title=\"WhatsApp Image 2025-08-22 at 16.01.07\" width=\"500\" height=\"500\" \/>\t\t\t\t\t\t\t\t\t\t\t\t\t\t\t<\/div>\n\t\t\t\t<\/div>\n\t\t\t\t<div class=\"elementor-element elementor-element-a74e7ad elementor-widget elementor-widget-image\" data-id=\"a74e7ad\" data-element_type=\"widget\" data-e-type=\"widget\" data-widget_type=\"image.default\">\n\t\t\t\t<div class=\"elementor-widget-container\">\n\t\t\t\t\t\t\t\t\t\t\t\t\t\t\t<img loading=\"lazy\" decoding=\"async\" src=\"https:\/\/www.tropicalscolombia.com.co\/wp-content\/uploads\/elementor\/thumbs\/WhatsApp-Image-2025-08-22-at-16.01.06-1-ranejvrks6vjczeuobiya6x0mc6gi59krn7976fb7s.jpeg\" alt=\"WhatsApp Image 2025-08-22 at 16.01.06 (1)\" title=\"WhatsApp Image 2025-08-22 at 16.01.06 (1)\" width=\"500\" height=\"500\" \/>\t\t\t\t\t\t\t\t\t\t\t\t\t\t\t<\/div>\n\t\t\t\t<\/div>\n\t\t\t\t<div class=\"elementor-element elementor-element-655702a elementor-widget elementor-widget-image\" data-id=\"655702a\" data-element_type=\"widget\" data-e-type=\"widget\" data-widget_type=\"image.default\">\n\t\t\t\t<div class=\"elementor-widget-container\">\n\t\t\t\t\t\t\t\t\t\t\t\t\t\t\t<img loading=\"lazy\" decoding=\"async\" src=\"https:\/\/www.tropicalscolombia.com.co\/wp-content\/uploads\/elementor\/thumbs\/WhatsApp-Image-2025-08-22-at-16.01.06-ranek9v5mpeu74uddzmctlcxj48ypltjtkzjebuemg.jpeg\" alt=\"WhatsApp Image 2025-08-22 at 16.01.06\" title=\"WhatsApp Image 2025-08-22 at 16.01.06\" width=\"500\" height=\"500\" \/>\t\t\t\t\t\t\t\t\t\t\t\t\t\t\t<\/div>\n\t\t\t\t<\/div>\n\t\t\t\t<div class=\"elementor-element elementor-element-5aae633 elementor-widget elementor-widget-image\" data-id=\"5aae633\" data-element_type=\"widget\" data-e-type=\"widget\" data-widget_type=\"image.default\">\n\t\t\t\t<div class=\"elementor-widget-container\">\n\t\t\t\t\t\t\t\t\t\t\t\t\t\t\t<img loading=\"lazy\" decoding=\"async\" src=\"https:\/\/www.tropicalscolombia.com.co\/wp-content\/uploads\/elementor\/thumbs\/WhatsApp-Image-2025-08-22-at-16.01.02-raneksnxfe4knc32c7qw7gm5etoazjw6k618zv2j60.jpeg\" alt=\"WhatsApp Image 2025-08-22 at 16.01.02\" title=\"WhatsApp Image 2025-08-22 at 16.01.02\" width=\"500\" height=\"500\" \/>\t\t\t\t\t\t\t\t\t\t\t\t\t\t\t<\/div>\n\t\t\t\t<\/div>\n\t\t\t\t<\/div>\n\t\t<div class=\"elementor-element elementor-element-af6eeee e-flex e-con-boxed e-con e-parent\" data-id=\"af6eeee\" data-element_type=\"container\" data-e-type=\"container\">\n\t\t\t\t\t<div class=\"e-con-inner\">\n\t\t\t\t<div class=\"elementor-element elementor-element-865c4fd elementor-widget elementor-widget-text-editor\" data-id=\"865c4fd\" data-element_type=\"widget\" data-e-type=\"widget\" data-widget_type=\"text-editor.default\">\n\t\t\t\t<div class=\"elementor-widget-container\">\n\t\t\t\t\t\t\t\t\t<h3 style=\"text-align: center;\"><b>\ud83c\udf31 <\/b><em>Trabajar contigo significa seguir construyendo un futuro m\u00e1s justo para quienes cultivan la tierra\u00a0\ud83c\udf31<\/em><\/h3>\t\t\t\t\t\t\t\t<\/div>\n\t\t\t\t<\/div>\n\t\t\t\t\t<\/div>\n\t\t\t\t<\/div>\n\t\t\t\t<\/div>\n\t\t","protected":false},"excerpt":{"rendered":"<p>Galer\u00eda Nuestra galer\u00eda es un espacio \u00fanico donde el sabor, la textura y los beneficios de la naturaleza se fusionan. Cada producto que encuentras en nuestra colecci\u00f3n ha sido cuidadosamente seleccionada y deshidratada para preservar su frescura, sabor y nutrientes, sin aditivos ni conservantes artificiales. Impacto que generamos junto a los campesinos Al elegir nuestros [&hellip;]<\/p>\n","protected":false},"author":1,"featured_media":0,"parent":0,"menu_order":0,"comment_status":"closed","ping_status":"closed","template":"elementor_header_footer","meta":{"footnotes":""},"class_list":["post-30","page","type-page","status-publish","hentry"],"_links":{"self":[{"href":"https:\/\/www.tropicalscolombia.com.co\/index.php?rest_route=\/wp\/v2\/pages\/30","targetHints":{"allow":["GET"]}}],"collection":[{"href":"https:\/\/www.tropicalscolombia.com.co\/index.php?rest_route=\/wp\/v2\/pages"}],"about":[{"href":"https:\/\/www.tropicalscolombia.com.co\/index.php?rest_route=\/wp\/v2\/types\/page"}],"author":[{"embeddable":true,"href":"https:\/\/www.tropicalscolombia.com.co\/index.php?rest_route=\/wp\/v2\/users\/1"}],"replies":[{"embeddable":true,"href":"https:\/\/www.tropicalscolombia.com.co\/index.php?rest_route=%2Fwp%2Fv2%2Fcomments&post=30"}],"version-history":[{"count":79,"href":"https:\/\/www.tropicalscolombia.com.co\/index.php?rest_route=\/wp\/v2\/pages\/30\/revisions"}],"predecessor-version":[{"id":931,"href":"https:\/\/www.tropicalscolombia.com.co\/index.php?rest_route=\/wp\/v2\/pages\/30\/revisions\/931"}],"wp:attachment":[{"href":"https:\/\/www.tropicalscolombia.com.co\/index.php?rest_route=%2Fwp%2Fv2%2Fmedia&parent=30"}],"curies":[{"name":"wp","href":"https:\/\/api.w.org\/{rel}","templated":true}]}}