{"id":295,"date":"2023-08-29T14:57:02","date_gmt":"2023-08-29T14:57:02","guid":{"rendered":"https:\/\/www.plantilla-7.colhost.andresbits.com\/?post_type=product&#038;p=295"},"modified":"2025-01-08T17:12:30","modified_gmt":"2025-01-08T17:12:30","slug":"uchuva-deshidratada","status":"publish","type":"product","link":"https:\/\/www.tropicalscolombia.com.co\/?product=uchuva-deshidratada","title":{"rendered":"UCHUVA DESHIDRATADA"},"content":{"rendered":"<p>La <strong>uchuva deshidratada<\/strong> es un delicioso y saludable snack tropical que conserva todo el sabor y los beneficios nutricionales de esta fruta ex\u00f3tica. Su proceso de deshidrataci\u00f3n permite disfrutar de su sabor dulce y ligeramente \u00e1cido en una forma pr\u00e1ctica y f\u00e1cil de llevar a cualquier parte, sin perder sus propiedades naturales. Rica en nutrientes: Fuente de vitamina C, fibra, antioxidantes y minerales esenciales.<\/p>\n<p><strong>Beneficios:<\/strong><\/p>\n<ul>\n<li><strong>Refuerza el sistema inmunol\u00f3gico:<\/strong> Su alto contenido de vitamina C ayuda a fortalecer las defensas del organismo.<\/li>\n<li><strong>Aporta energ\u00eda natural:<\/strong> Ideal para disfrutar en cualquier momento del d\u00eda, especialmente antes de hacer ejercicio o como snack entre comidas.<\/li>\n<li><strong>Mejora la digesti\u00f3n:<\/strong> La fibra de la uchuva favorece un tr\u00e1nsito intestinal saludable y ayuda a la digesti\u00f3n.<\/li>\n<li><strong>Antioxidantes Naturales:<\/strong> Ayuda a combatir el da\u00f1o celular y los efectos del envejecimiento prematuro gracias a su contenido en antioxidantes.<\/li>\n<li><strong>Salud ocular:<\/strong> Su contenido en vitamina A y otros nutrientes contribuye al cuidado de los ojos.<\/li>\n<\/ul>\n<p>&nbsp;<\/p>\n","protected":false},"excerpt":{"rendered":"<div class=\"flex-1 overflow-hidden @container\/thread\">\n<div class=\"h-full\">\n<div class=\"react-scroll-to-bottom--css-hjlqa-79elbk h-full\">\n<div class=\"react-scroll-to-bottom--css-hjlqa-1n7m0yu\">\n<div class=\"flex flex-col text-sm\">\n<article class=\"w-full scroll-mb-[var(--thread-trailing-height,150px)] text-token-text-primary focus-visible:outline-2 focus-visible:outline-offset-[-4px]\" dir=\"auto\" data-testid=\"conversation-turn-11\" data-scroll-anchor=\"true\">\n<div class=\"m-auto text-base py-[18px] px-3 md:px-4 w-full md:px-5 lg:px-4 xl:px-5\">\n<div class=\"mx-auto flex flex-1 gap-4 text-base md:gap-5 lg:gap-6 md:max-w-3xl\">\n<div class=\"group\/conversation-turn relative flex w-full min-w-0 flex-col agent-turn\">\n<div class=\"flex-col gap-1 md:gap-3\">\n<div class=\"flex max-w-full flex-col flex-grow\">\n<div class=\"min-h-8 text-message flex w-full flex-col items-end gap-2 whitespace-normal break-words text-start [.text-message+&amp;]:mt-5\" dir=\"auto\" data-message-author-role=\"assistant\" data-message-id=\"3c4d0ccf-a342-4135-a6e4-5b983fae0161\" data-message-model-slug=\"gpt-4o-mini\">\n<div class=\"flex w-full flex-col gap-1 empty:hidden first:pt-[3px]\">\n<div class=\"markdown prose w-full break-words dark:prose-invert light\">\n<p>\u00a1A\u00f1ade la uchuva deshidratada a tu d\u00eda y disfruta de un snack ex\u00f3tico, delicioso y lleno de beneficios naturales en cada bocado! <strong>100% Uchuva Natural<\/strong><\/p>\n<ul>\n<li>Kilo: 59.050<\/li>\n<li>Libra: 32.000<\/li>\n<li>Snack 30gr: 2.200<\/li>\n<\/ul>\n<\/div>\n<\/div>\n<\/div>\n<\/div>\n<div class=\"mb-2 flex gap-3 empty:hidden -ml-2\">\n<div class=\"items-center justify-start rounded-xl p-1 flex\">\n<div class=\"flex items-center\"><\/div>\n<\/div>\n<\/div>\n<div class=\"pr-2 lg:pr-0\"><\/div>\n<div class=\"mt-3 w-full empty:hidden\">\n<div class=\"text-center\"><\/div>\n<\/div>\n<\/div>\n<div class=\"absolute\">\n<div class=\"flex items-center justify-center\"><\/div>\n<\/div>\n<\/div>\n<\/div>\n<\/div>\n<\/article>\n<\/div>\n<\/div>\n<\/div>\n<\/div>\n<\/div>\n<div class=\"md:pt-0 dark:border-white\/20 md:border-transparent md:dark:border-transparent w-full\">\n<div>\n<div class=\"m-auto text-base px-3 md:px-4 w-full md:px-5 lg:px-4 xl:px-5\">\n<div class=\"mx-auto flex flex-1 gap-4 text-base md:gap-5 lg:gap-6 md:max-w-3xl\">\n<div class=\"flex justify-center\"><\/div>\n<\/div>\n<\/div>\n<\/div>\n<\/div>\n","protected":false},"featured_media":636,"comment_status":"closed","ping_status":"closed","template":"","meta":[],"product_brand":[],"product_cat":[24],"product_tag":[],"class_list":{"0":"post-295","1":"product","2":"type-product","3":"status-publish","4":"has-post-thumbnail","6":"product_cat-frutas-deshidratadas","8":"first","9":"instock","10":"shipping-taxable","11":"purchasable","12":"product-type-simple"},"_links":{"self":[{"href":"https:\/\/www.tropicalscolombia.com.co\/index.php?rest_route=\/wp\/v2\/product\/295","targetHints":{"allow":["GET"]}}],"collection":[{"href":"https:\/\/www.tropicalscolombia.com.co\/index.php?rest_route=\/wp\/v2\/product"}],"about":[{"href":"https:\/\/www.tropicalscolombia.com.co\/index.php?rest_route=\/wp\/v2\/types\/product"}],"replies":[{"embeddable":true,"href":"https:\/\/www.tropicalscolombia.com.co\/index.php?rest_route=%2Fwp%2Fv2%2Fcomments&post=295"}],"wp:featuredmedia":[{"embeddable":true,"href":"https:\/\/www.tropicalscolombia.com.co\/index.php?rest_route=\/wp\/v2\/media\/636"}],"wp:attachment":[{"href":"https:\/\/www.tropicalscolombia.com.co\/index.php?rest_route=%2Fwp%2Fv2%2Fmedia&parent=295"}],"wp:term":[{"taxonomy":"product_brand","embeddable":true,"href":"https:\/\/www.tropicalscolombia.com.co\/index.php?rest_route=%2Fwp%2Fv2%2Fproduct_brand&post=295"},{"taxonomy":"product_cat","embeddable":true,"href":"https:\/\/www.tropicalscolombia.com.co\/index.php?rest_route=%2Fwp%2Fv2%2Fproduct_cat&post=295"},{"taxonomy":"product_tag","embeddable":true,"href":"https:\/\/www.tropicalscolombia.com.co\/index.php?rest_route=%2Fwp%2Fv2%2Fproduct_tag&post=295"}],"curies":[{"name":"wp","href":"https:\/\/api.w.org\/{rel}","templated":true}]}}