{"id":321,"date":"2024-12-02T03:55:20","date_gmt":"2024-12-02T03:55:20","guid":{"rendered":"https:\/\/www.tropicalscolombia.com.co\/?post_type=product&#038;p=321"},"modified":"2025-01-08T16:32:35","modified_gmt":"2025-01-08T16:32:35","slug":"aromaticas-con-frutas-deshidratadas-x12-und","status":"publish","type":"product","link":"https:\/\/www.tropicalscolombia.com.co\/?product=aromaticas-con-frutas-deshidratadas-x12-und","title":{"rendered":"AROM\u00c1TICAS CON FRUTAS DESHIDRATADAS"},"content":{"rendered":"<p>Disfruta de una experiencia \u00fanica con nuestras <strong>arom\u00e1ticas con frutos deshidratados<\/strong>, una mezcla perfecta de hierbas naturales y frutas deshidratadas seleccionadas, que aportan un toque fresco, suave y lleno de sabor a tus momentos de descanso. Ideal para quienes buscan una infusi\u00f3n deliciosa, nutritiva y llena de beneficios.<\/p>\n<ul>\n<li><strong>100% Natural:<\/strong> Sin conservantes, colorantes ni aditivos artificiales.<\/li>\n<li><strong>F\u00e1cil de Preparar:<\/strong> Solo necesitas agua caliente para disfrutar de una infusi\u00f3n reconfortante y deliciosa en minutos.<\/li>\n<li><strong>Vers\u00e1til:<\/strong> Perfecta para consumir caliente o fr\u00eda, seg\u00fan tu preferencia, ideal en cualquier momento del d\u00eda, ya sea para relajarte o energizarte.<\/li>\n<\/ul>\n","protected":false},"excerpt":{"rendered":"<p>Disfruta de una experiencia \u00fanica con nuestras <strong>arom\u00e1ticas con frutos deshidratados<\/strong>, una mezcla perfecta de hierbas naturales y frutas deshidratadas seleccionadas. Disponible en pr\u00e1cticos empaques sellados que preservan la frescura y calidad del producto, cada unidad por 12 gramos.<\/p>\n<ol>\n<li>Arom\u00e1tica Frutos Amarillos: Pi\u00f1a, uchuva, mango, naranja y manzanilla.<\/li>\n<li>Arom\u00e1tica Frutos Rojos: Fresa, manzana, ar\u00e1ndano, mora y hierba buena.<\/li>\n<li>Frutos Ex\u00f3ticos: Kiwi, uchuva, pi\u00f1a, lulo y cedr\u00f3n.<\/li>\n<\/ol>\n<ul>\n<li>Ristra x12 unidades: 25.000<\/li>\n<li>Bolsa x25 unidades: 48.000<\/li>\n<li>Bolsa x50 unidades: 90.000<\/li>\n<li>Bolsa x 100 unidades 170.000<\/li>\n<\/ul>\n","protected":false},"featured_media":634,"comment_status":"closed","ping_status":"closed","template":"","meta":[],"product_brand":[],"product_cat":[22],"product_tag":[],"class_list":{"0":"post-321","1":"product","2":"type-product","3":"status-publish","4":"has-post-thumbnail","6":"product_cat-aromaticas","8":"first","9":"instock","10":"shipping-taxable","11":"purchasable","12":"product-type-simple"},"_links":{"self":[{"href":"https:\/\/www.tropicalscolombia.com.co\/index.php?rest_route=\/wp\/v2\/product\/321","targetHints":{"allow":["GET"]}}],"collection":[{"href":"https:\/\/www.tropicalscolombia.com.co\/index.php?rest_route=\/wp\/v2\/product"}],"about":[{"href":"https:\/\/www.tropicalscolombia.com.co\/index.php?rest_route=\/wp\/v2\/types\/product"}],"replies":[{"embeddable":true,"href":"https:\/\/www.tropicalscolombia.com.co\/index.php?rest_route=%2Fwp%2Fv2%2Fcomments&post=321"}],"wp:featuredmedia":[{"embeddable":true,"href":"https:\/\/www.tropicalscolombia.com.co\/index.php?rest_route=\/wp\/v2\/media\/634"}],"wp:attachment":[{"href":"https:\/\/www.tropicalscolombia.com.co\/index.php?rest_route=%2Fwp%2Fv2%2Fmedia&parent=321"}],"wp:term":[{"taxonomy":"product_brand","embeddable":true,"href":"https:\/\/www.tropicalscolombia.com.co\/index.php?rest_route=%2Fwp%2Fv2%2Fproduct_brand&post=321"},{"taxonomy":"product_cat","embeddable":true,"href":"https:\/\/www.tropicalscolombia.com.co\/index.php?rest_route=%2Fwp%2Fv2%2Fproduct_cat&post=321"},{"taxonomy":"product_tag","embeddable":true,"href":"https:\/\/www.tropicalscolombia.com.co\/index.php?rest_route=%2Fwp%2Fv2%2Fproduct_tag&post=321"}],"curies":[{"name":"wp","href":"https:\/\/api.w.org\/{rel}","templated":true}]}}